{"id":13,"date":"2021-02-02T08:23:02","date_gmt":"2021-02-02T08:23:02","guid":{"rendered":"http:\/\/albertruyra.com\/portfolio\/"},"modified":"2023-02-10T17:13:12","modified_gmt":"2023-02-10T17:13:12","slug":"despacho","status":"publish","type":"page","link":"http:\/\/albertruyra.com\/cat\/despacho\/","title":{"rendered":"El despatx"},"content":{"rendered":"<div data-elementor-type=\"wp-page\" data-elementor-id=\"13\" class=\"elementor elementor-13\">\n\t\t\t\t\t\t<section class=\"elementor-section elementor-top-section elementor-element elementor-element-538eaf0 elementor-section-height-min-height elementor-section-full_width elementor-section-content-space-between elementor-section-height-default elementor-section-items-middle\" data-id=\"538eaf0\" data-element_type=\"section\" data-e-type=\"section\" data-settings=\"{&quot;background_background&quot;:&quot;classic&quot;}\">\n\t\t\t\t\t\t\t<div class=\"elementor-background-overlay\"><\/div>\n\t\t\t\t\t\t\t<div class=\"elementor-container elementor-column-gap-no\">\n\t\t\t\t\t<div class=\"elementor-column elementor-col-100 elementor-top-column elementor-element elementor-element-8ae4d1d\" data-id=\"8ae4d1d\" data-element_type=\"column\" data-e-type=\"column\">\n\t\t\t<div class=\"elementor-widget-wrap elementor-element-populated\">\n\t\t\t\t\t\t<div class=\"elementor-element elementor-element-bd5153c elementor-absolute elementor-widget-divider--view-line elementor-widget elementor-widget-divider\" data-id=\"bd5153c\" data-element_type=\"widget\" data-e-type=\"widget\" data-settings=\"{&quot;_position&quot;:&quot;absolute&quot;}\" data-widget_type=\"divider.default\">\n\t\t\t\t<div class=\"elementor-widget-container\">\n\t\t\t\t\t\t\t<div class=\"elementor-divider\">\n\t\t\t<span class=\"elementor-divider-separator\">\n\t\t\t\t\t\t<\/span>\n\t\t<\/div>\n\t\t\t\t\t\t<\/div>\n\t\t\t\t<\/div>\n\t\t\t\t\t<\/div>\n\t\t<\/div>\n\t\t\t\t\t<\/div>\n\t\t<\/section>\n\t\t\t\t<section class=\"elementor-section elementor-top-section elementor-element elementor-element-c3b44ca elementor-section-height-min-height elementor-section-boxed elementor-section-height-default elementor-section-items-middle\" data-id=\"c3b44ca\" data-element_type=\"section\" data-e-type=\"section\" data-settings=\"{&quot;background_background&quot;:&quot;classic&quot;}\">\n\t\t\t\t\t\t<div class=\"elementor-container elementor-column-gap-no\">\n\t\t\t\t\t<div class=\"elementor-column elementor-col-100 elementor-top-column elementor-element elementor-element-26981b9\" data-id=\"26981b9\" data-element_type=\"column\" data-e-type=\"column\">\n\t\t\t<div class=\"elementor-widget-wrap elementor-element-populated\">\n\t\t\t\t\t\t<div class=\"elementor-element elementor-element-8ba32f1 elementor-widget elementor-widget-heading\" data-id=\"8ba32f1\" data-element_type=\"widget\" data-e-type=\"widget\" data-widget_type=\"heading.default\">\n\t\t\t\t<div class=\"elementor-widget-container\">\n\t\t\t\t\t<h5 class=\"elementor-heading-title elementor-size-default\">El despatx<\/h5>\t\t\t\t<\/div>\n\t\t\t\t<\/div>\n\t\t\t\t<div class=\"elementor-element elementor-element-42673bf elementor-widget-divider--view-line elementor-widget elementor-widget-divider\" data-id=\"42673bf\" data-element_type=\"widget\" data-e-type=\"widget\" data-widget_type=\"divider.default\">\n\t\t\t\t<div class=\"elementor-widget-container\">\n\t\t\t\t\t\t\t<div class=\"elementor-divider\">\n\t\t\t<span class=\"elementor-divider-separator\">\n\t\t\t\t\t\t<\/span>\n\t\t<\/div>\n\t\t\t\t\t\t<\/div>\n\t\t\t\t<\/div>\n\t\t\t\t<div class=\"elementor-element elementor-element-add35db elementor-widget elementor-widget-text-editor\" data-id=\"add35db\" data-element_type=\"widget\" data-e-type=\"widget\" data-widget_type=\"text-editor.default\">\n\t\t\t\t<div class=\"elementor-widget-container\">\n\t\t\t\t\t\t\t\t\t<p>Estimem la nostre professi\u00f3, que entenem com una vocaci\u00f3 de servei, de consulta i assessorament a les persones, ja sigui preventiu, per tractar de evitar conflictes o en cas de haver-se produ\u00eft, trobar una soluci\u00f3 satisfact\u00f2ria extrajudicial o judicial.<\/p><p>Considerem que aquesta es la forma d\u00b4exigir el respecte dels valors necessaris per assolir una conviv\u00e8ncia justa.<\/p><p>Per nosaltres, es primordial establir una relaci\u00f3 de confian\u00e7a per donar una resposta humana i jur\u00eddica amb la m\u00e0xima dedicaci\u00f3 e implicaci\u00f3. Es essencial que el client estigui sempre ben informat, per aix\u00f2 t'acompanyem i estem al teu costat en tot el proc\u00e9s a seguir per prendre la decisi\u00f3 mes adequada.<\/p>\t\t\t\t\t\t\t\t<\/div>\n\t\t\t\t<\/div>\n\t\t\t\t<section class=\"elementor-section elementor-inner-section elementor-element elementor-element-8699417 elementor-section-boxed elementor-section-height-default elementor-section-height-default\" data-id=\"8699417\" data-element_type=\"section\" data-e-type=\"section\">\n\t\t\t\t\t\t<div class=\"elementor-container elementor-column-gap-no\">\n\t\t\t\t\t<div class=\"elementor-column elementor-col-50 elementor-inner-column elementor-element elementor-element-b3e0b88\" data-id=\"b3e0b88\" data-element_type=\"column\" data-e-type=\"column\">\n\t\t\t<div class=\"elementor-widget-wrap elementor-element-populated\">\n\t\t\t\t\t\t<div class=\"elementor-element elementor-element-d46dfdc elementor-widget elementor-widget-image\" data-id=\"d46dfdc\" data-element_type=\"widget\" data-e-type=\"widget\" data-widget_type=\"image.default\">\n\t\t\t\t<div class=\"elementor-widget-container\">\n\t\t\t\t\t\t\t\t\t\t\t\t\t\t\t<img fetchpriority=\"high\" decoding=\"async\" width=\"1024\" height=\"682\" src=\"http:\/\/albertruyra.com\/wp-content\/uploads\/2023\/01\/86a02392-46b0-4757-a45e-9237160785e3-1024x682.jpg\" class=\"elementor-animation-float attachment-large size-large wp-image-7484\" alt=\"\" srcset=\"http:\/\/albertruyra.com\/wp-content\/uploads\/2023\/01\/86a02392-46b0-4757-a45e-9237160785e3-1024x682.jpg 1024w, http:\/\/albertruyra.com\/wp-content\/uploads\/2023\/01\/86a02392-46b0-4757-a45e-9237160785e3-300x200.jpg 300w, http:\/\/albertruyra.com\/wp-content\/uploads\/2023\/01\/86a02392-46b0-4757-a45e-9237160785e3-768x512.jpg 768w, http:\/\/albertruyra.com\/wp-content\/uploads\/2023\/01\/86a02392-46b0-4757-a45e-9237160785e3-1536x1023.jpg 1536w, http:\/\/albertruyra.com\/wp-content\/uploads\/2023\/01\/86a02392-46b0-4757-a45e-9237160785e3-18x12.jpg 18w, http:\/\/albertruyra.com\/wp-content\/uploads\/2023\/01\/86a02392-46b0-4757-a45e-9237160785e3.jpg 1600w\" sizes=\"(max-width: 1024px) 100vw, 1024px\" \/>\t\t\t\t\t\t\t\t\t\t\t\t\t\t\t<\/div>\n\t\t\t\t<\/div>\n\t\t\t\t\t<\/div>\n\t\t<\/div>\n\t\t\t\t<div class=\"elementor-column elementor-col-50 elementor-inner-column elementor-element elementor-element-23837e8\" data-id=\"23837e8\" data-element_type=\"column\" data-e-type=\"column\">\n\t\t\t<div class=\"elementor-widget-wrap elementor-element-populated\">\n\t\t\t\t\t\t<div class=\"elementor-element elementor-element-b942ec9 elementor-widget elementor-widget-image\" data-id=\"b942ec9\" data-element_type=\"widget\" data-e-type=\"widget\" data-widget_type=\"image.default\">\n\t\t\t\t<div class=\"elementor-widget-container\">\n\t\t\t\t\t\t\t\t\t\t\t\t\t\t\t<img decoding=\"async\" width=\"1024\" height=\"682\" src=\"http:\/\/albertruyra.com\/wp-content\/uploads\/2023\/01\/bccbc2dd-3a1a-40e2-bf33-64ef08933e75-1024x682.jpg\" class=\"elementor-animation-float attachment-large size-large wp-image-7490\" alt=\"\" srcset=\"http:\/\/albertruyra.com\/wp-content\/uploads\/2023\/01\/bccbc2dd-3a1a-40e2-bf33-64ef08933e75-1024x682.jpg 1024w, http:\/\/albertruyra.com\/wp-content\/uploads\/2023\/01\/bccbc2dd-3a1a-40e2-bf33-64ef08933e75-300x200.jpg 300w, http:\/\/albertruyra.com\/wp-content\/uploads\/2023\/01\/bccbc2dd-3a1a-40e2-bf33-64ef08933e75-768x512.jpg 768w, http:\/\/albertruyra.com\/wp-content\/uploads\/2023\/01\/bccbc2dd-3a1a-40e2-bf33-64ef08933e75-1536x1023.jpg 1536w, http:\/\/albertruyra.com\/wp-content\/uploads\/2023\/01\/bccbc2dd-3a1a-40e2-bf33-64ef08933e75-18x12.jpg 18w, http:\/\/albertruyra.com\/wp-content\/uploads\/2023\/01\/bccbc2dd-3a1a-40e2-bf33-64ef08933e75.jpg 1600w\" sizes=\"(max-width: 1024px) 100vw, 1024px\" \/>\t\t\t\t\t\t\t\t\t\t\t\t\t\t\t<\/div>\n\t\t\t\t<\/div>\n\t\t\t\t<div class=\"elementor-element elementor-element-8847082 elementor-widget elementor-widget-image\" data-id=\"8847082\" data-element_type=\"widget\" data-e-type=\"widget\" data-widget_type=\"image.default\">\n\t\t\t\t<div class=\"elementor-widget-container\">\n\t\t\t\t\t\t\t\t\t\t\t\t\t\t\t<img decoding=\"async\" width=\"1024\" height=\"682\" src=\"http:\/\/albertruyra.com\/wp-content\/uploads\/2023\/01\/e53c0a03-11a5-4ae4-b3fb-9a069fa6185f-1024x682.jpg\" class=\"elementor-animation-float attachment-large size-large wp-image-7493\" alt=\"\" srcset=\"http:\/\/albertruyra.com\/wp-content\/uploads\/2023\/01\/e53c0a03-11a5-4ae4-b3fb-9a069fa6185f-1024x682.jpg 1024w, http:\/\/albertruyra.com\/wp-content\/uploads\/2023\/01\/e53c0a03-11a5-4ae4-b3fb-9a069fa6185f-300x200.jpg 300w, http:\/\/albertruyra.com\/wp-content\/uploads\/2023\/01\/e53c0a03-11a5-4ae4-b3fb-9a069fa6185f-768x512.jpg 768w, http:\/\/albertruyra.com\/wp-content\/uploads\/2023\/01\/e53c0a03-11a5-4ae4-b3fb-9a069fa6185f-1536x1023.jpg 1536w, http:\/\/albertruyra.com\/wp-content\/uploads\/2023\/01\/e53c0a03-11a5-4ae4-b3fb-9a069fa6185f-18x12.jpg 18w, http:\/\/albertruyra.com\/wp-content\/uploads\/2023\/01\/e53c0a03-11a5-4ae4-b3fb-9a069fa6185f.jpg 1600w\" sizes=\"(max-width: 1024px) 100vw, 1024px\" \/>\t\t\t\t\t\t\t\t\t\t\t\t\t\t\t<\/div>\n\t\t\t\t<\/div>\n\t\t\t\t\t<\/div>\n\t\t<\/div>\n\t\t\t\t\t<\/div>\n\t\t<\/section>\n\t\t\t\t<section class=\"elementor-section elementor-inner-section elementor-element elementor-element-dc4d282 elementor-section-boxed elementor-section-height-default elementor-section-height-default\" data-id=\"dc4d282\" data-element_type=\"section\" data-e-type=\"section\">\n\t\t\t\t\t\t<div class=\"elementor-container elementor-column-gap-no\">\n\t\t\t\t\t<div class=\"elementor-column elementor-col-100 elementor-inner-column elementor-element elementor-element-468266f\" data-id=\"468266f\" data-element_type=\"column\" data-e-type=\"column\">\n\t\t\t<div class=\"elementor-widget-wrap\">\n\t\t\t\t\t\t\t<\/div>\n\t\t<\/div>\n\t\t\t\t\t<\/div>\n\t\t<\/section>\n\t\t\t\t<section class=\"elementor-section elementor-inner-section elementor-element elementor-element-43ca934 elementor-section-boxed elementor-section-height-default elementor-section-height-default\" data-id=\"43ca934\" data-element_type=\"section\" data-e-type=\"section\">\n\t\t\t\t\t\t<div class=\"elementor-container elementor-column-gap-no\">\n\t\t\t\t\t<div class=\"elementor-column elementor-col-50 elementor-inner-column elementor-element elementor-element-4f69a48\" data-id=\"4f69a48\" data-element_type=\"column\" data-e-type=\"column\">\n\t\t\t<div class=\"elementor-widget-wrap elementor-element-populated\">\n\t\t\t\t\t\t<div class=\"elementor-element elementor-element-453171e elementor-widget elementor-widget-image\" data-id=\"453171e\" data-element_type=\"widget\" data-e-type=\"widget\" data-widget_type=\"image.default\">\n\t\t\t\t<div class=\"elementor-widget-container\">\n\t\t\t\t\t\t\t\t\t\t\t\t\t\t\t<img loading=\"lazy\" decoding=\"async\" width=\"1024\" height=\"682\" src=\"http:\/\/albertruyra.com\/wp-content\/uploads\/2023\/01\/c2903839-7161-4c93-9b87-64350c3cfa18-1024x682.jpg\" class=\"elementor-animation-float attachment-large size-large wp-image-7491\" alt=\"\" srcset=\"http:\/\/albertruyra.com\/wp-content\/uploads\/2023\/01\/c2903839-7161-4c93-9b87-64350c3cfa18-1024x682.jpg 1024w, http:\/\/albertruyra.com\/wp-content\/uploads\/2023\/01\/c2903839-7161-4c93-9b87-64350c3cfa18-300x200.jpg 300w, http:\/\/albertruyra.com\/wp-content\/uploads\/2023\/01\/c2903839-7161-4c93-9b87-64350c3cfa18-768x512.jpg 768w, http:\/\/albertruyra.com\/wp-content\/uploads\/2023\/01\/c2903839-7161-4c93-9b87-64350c3cfa18-1536x1023.jpg 1536w, http:\/\/albertruyra.com\/wp-content\/uploads\/2023\/01\/c2903839-7161-4c93-9b87-64350c3cfa18-18x12.jpg 18w, http:\/\/albertruyra.com\/wp-content\/uploads\/2023\/01\/c2903839-7161-4c93-9b87-64350c3cfa18.jpg 1600w\" sizes=\"(max-width: 1024px) 100vw, 1024px\" \/>\t\t\t\t\t\t\t\t\t\t\t\t\t\t\t<\/div>\n\t\t\t\t<\/div>\n\t\t\t\t<div class=\"elementor-element elementor-element-679c63e elementor-widget elementor-widget-image\" data-id=\"679c63e\" data-element_type=\"widget\" data-e-type=\"widget\" data-widget_type=\"image.default\">\n\t\t\t\t<div class=\"elementor-widget-container\">\n\t\t\t\t\t\t\t\t\t\t\t\t\t\t\t<img loading=\"lazy\" decoding=\"async\" width=\"1024\" height=\"682\" src=\"http:\/\/albertruyra.com\/wp-content\/uploads\/2023\/01\/5146f076-b671-4cb6-a4bf-d10d73953aef-1024x682.jpg\" class=\"elementor-animation-float attachment-large size-large wp-image-7488\" alt=\"\" srcset=\"http:\/\/albertruyra.com\/wp-content\/uploads\/2023\/01\/5146f076-b671-4cb6-a4bf-d10d73953aef-1024x682.jpg 1024w, http:\/\/albertruyra.com\/wp-content\/uploads\/2023\/01\/5146f076-b671-4cb6-a4bf-d10d73953aef-300x200.jpg 300w, http:\/\/albertruyra.com\/wp-content\/uploads\/2023\/01\/5146f076-b671-4cb6-a4bf-d10d73953aef-768x512.jpg 768w, http:\/\/albertruyra.com\/wp-content\/uploads\/2023\/01\/5146f076-b671-4cb6-a4bf-d10d73953aef-1536x1023.jpg 1536w, http:\/\/albertruyra.com\/wp-content\/uploads\/2023\/01\/5146f076-b671-4cb6-a4bf-d10d73953aef-18x12.jpg 18w, http:\/\/albertruyra.com\/wp-content\/uploads\/2023\/01\/5146f076-b671-4cb6-a4bf-d10d73953aef.jpg 1600w\" sizes=\"(max-width: 1024px) 100vw, 1024px\" \/>\t\t\t\t\t\t\t\t\t\t\t\t\t\t\t<\/div>\n\t\t\t\t<\/div>\n\t\t\t\t\t<\/div>\n\t\t<\/div>\n\t\t\t\t<div class=\"elementor-column elementor-col-50 elementor-inner-column elementor-element elementor-element-4a8cb85\" data-id=\"4a8cb85\" data-element_type=\"column\" data-e-type=\"column\">\n\t\t\t<div class=\"elementor-widget-wrap elementor-element-populated\">\n\t\t\t\t\t\t<div class=\"elementor-element elementor-element-f79a7b0 elementor-widget elementor-widget-image\" data-id=\"f79a7b0\" data-element_type=\"widget\" data-e-type=\"widget\" data-widget_type=\"image.default\">\n\t\t\t\t<div class=\"elementor-widget-container\">\n\t\t\t\t\t\t\t\t\t\t\t\t\t\t\t<img loading=\"lazy\" decoding=\"async\" width=\"1024\" height=\"682\" src=\"http:\/\/albertruyra.com\/wp-content\/uploads\/2023\/01\/f0a8382c-d9d5-4093-87ec-91a19834a37e-1024x682.jpg\" class=\"elementor-animation-float attachment-large size-large wp-image-7494\" alt=\"\" srcset=\"http:\/\/albertruyra.com\/wp-content\/uploads\/2023\/01\/f0a8382c-d9d5-4093-87ec-91a19834a37e-1024x682.jpg 1024w, http:\/\/albertruyra.com\/wp-content\/uploads\/2023\/01\/f0a8382c-d9d5-4093-87ec-91a19834a37e-300x200.jpg 300w, http:\/\/albertruyra.com\/wp-content\/uploads\/2023\/01\/f0a8382c-d9d5-4093-87ec-91a19834a37e-768x512.jpg 768w, http:\/\/albertruyra.com\/wp-content\/uploads\/2023\/01\/f0a8382c-d9d5-4093-87ec-91a19834a37e-1536x1023.jpg 1536w, http:\/\/albertruyra.com\/wp-content\/uploads\/2023\/01\/f0a8382c-d9d5-4093-87ec-91a19834a37e-18x12.jpg 18w, http:\/\/albertruyra.com\/wp-content\/uploads\/2023\/01\/f0a8382c-d9d5-4093-87ec-91a19834a37e.jpg 1600w\" sizes=\"(max-width: 1024px) 100vw, 1024px\" \/>\t\t\t\t\t\t\t\t\t\t\t\t\t\t\t<\/div>\n\t\t\t\t<\/div>\n\t\t\t\t\t<\/div>\n\t\t<\/div>\n\t\t\t\t\t<\/div>\n\t\t<\/section>\n\t\t\t\t\t<\/div>\n\t\t<\/div>\n\t\t\t\t\t<\/div>\n\t\t<\/section>\n\t\t\t\t<\/div>","protected":false},"excerpt":{"rendered":"<p>Nuestro Despacho Entendemos nuestra profesi\u00f3n como una vocaci\u00f3n de servicio, consulta y asesoramiento a las personas, ya sea preventiva, para tratar de evitar conflictos o en caso de haberse producido, encontrar una soluci\u00f3n extrajudicial o judicial satisfactoria. Consideramos que esta es la forma de exigir el respeto de los valores necesarios para lograr una convivencia [&hellip;]<\/p>\n","protected":false},"author":1,"featured_media":0,"parent":0,"menu_order":0,"comment_status":"closed","ping_status":"closed","template":"elementor_header_footer","meta":{"site-sidebar-layout":"no-sidebar","site-content-layout":"page-builder","ast-site-content-layout":"default","site-content-style":"default","site-sidebar-style":"default","ast-global-header-display":"","ast-banner-title-visibility":"","ast-main-header-display":"","ast-hfb-above-header-display":"","ast-hfb-below-header-display":"","ast-hfb-mobile-header-display":"","site-post-title":"","ast-breadcrumbs-content":"disabled","ast-featured-img":"disabled","footer-sml-layout":"","ast-disable-related-posts":"","theme-transparent-header-meta":"enabled","adv-header-id-meta":"","stick-header-meta":"","header-above-stick-meta":"","header-main-stick-meta":"","header-below-stick-meta":"","astra-migrate-meta-layouts":"default","ast-page-background-enabled":"default","ast-page-background-meta":{"desktop":{"background-color":"","background-image":"","background-repeat":"repeat","background-position":"center center","background-size":"auto","background-attachment":"scroll","background-type":"","background-media":"","overlay-type":"","overlay-color":"","overlay-opacity":"","overlay-gradient":""},"tablet":{"background-color":"","background-image":"","background-repeat":"repeat","background-position":"center center","background-size":"auto","background-attachment":"scroll","background-type":"","background-media":"","overlay-type":"","overlay-color":"","overlay-opacity":"","overlay-gradient":""},"mobile":{"background-color":"","background-image":"","background-repeat":"repeat","background-position":"center center","background-size":"auto","background-attachment":"scroll","background-type":"","background-media":"","overlay-type":"","overlay-color":"","overlay-opacity":"","overlay-gradient":""}},"ast-content-background-meta":{"desktop":{"background-color":"var(--ast-global-color-5)","background-image":"","background-repeat":"repeat","background-position":"center center","background-size":"auto","background-attachment":"scroll","background-type":"","background-media":"","overlay-type":"","overlay-color":"","overlay-opacity":"","overlay-gradient":""},"tablet":{"background-color":"var(--ast-global-color-5)","background-image":"","background-repeat":"repeat","background-position":"center center","background-size":"auto","background-attachment":"scroll","background-type":"","background-media":"","overlay-type":"","overlay-color":"","overlay-opacity":"","overlay-gradient":""},"mobile":{"background-color":"var(--ast-global-color-5)","background-image":"","background-repeat":"repeat","background-position":"center center","background-size":"auto","background-attachment":"scroll","background-type":"","background-media":"","overlay-type":"","overlay-color":"","overlay-opacity":"","overlay-gradient":""}},"footnotes":""},"class_list":["post-13","page","type-page","status-publish","hentry"],"_links":{"self":[{"href":"http:\/\/albertruyra.com\/cat\/wp-json\/wp\/v2\/pages\/13","targetHints":{"allow":["GET"]}}],"collection":[{"href":"http:\/\/albertruyra.com\/cat\/wp-json\/wp\/v2\/pages"}],"about":[{"href":"http:\/\/albertruyra.com\/cat\/wp-json\/wp\/v2\/types\/page"}],"author":[{"embeddable":true,"href":"http:\/\/albertruyra.com\/cat\/wp-json\/wp\/v2\/users\/1"}],"replies":[{"embeddable":true,"href":"http:\/\/albertruyra.com\/cat\/wp-json\/wp\/v2\/comments?post=13"}],"version-history":[{"count":40,"href":"http:\/\/albertruyra.com\/cat\/wp-json\/wp\/v2\/pages\/13\/revisions"}],"predecessor-version":[{"id":7580,"href":"http:\/\/albertruyra.com\/cat\/wp-json\/wp\/v2\/pages\/13\/revisions\/7580"}],"wp:attachment":[{"href":"http:\/\/albertruyra.com\/cat\/wp-json\/wp\/v2\/media?parent=13"}],"curies":[{"name":"wp","href":"https:\/\/api.w.org\/{rel}","templated":true}]}}